{"id":3,"date":"2020-04-13T18:23:18","date_gmt":"2020-04-13T16:23:18","guid":{"rendered":"http:\/\/www.vivinuovo.it\/vivinuovoshop\/?page_id=3"},"modified":"2023-02-09T00:44:49","modified_gmt":"2023-02-08T23:44:49","slug":"privacy-policy","status":"publish","type":"page","link":"https:\/\/vivinuovo.com\/shop\/privacy-policy\/","title":{"rendered":"Privacy Policy"},"content":{"rendered":"\t\t<div data-elementor-type=\"wp-page\" data-elementor-id=\"3\" class=\"elementor elementor-3\">\n\t\t\t\t\t\t<div class=\"elementor-inner\">\n\t\t\t\t<div class=\"elementor-section-wrap\">\n\t\t\t\t\t\t\t\t\t<section class=\"elementor-section elementor-top-section elementor-element elementor-element-4a8573cd elementor-section-boxed elementor-section-height-default elementor-section-height-default\" data-id=\"4a8573cd\" data-element_type=\"section\">\n\t\t\t\t\t\t<div class=\"elementor-container elementor-column-gap-default\">\n\t\t\t\t\t\t\t<div class=\"elementor-row\">\n\t\t\t\t\t<div class=\"elementor-column elementor-col-100 elementor-top-column elementor-element elementor-element-bdfae92\" data-id=\"bdfae92\" data-element_type=\"column\">\n\t\t\t<div class=\"elementor-column-wrap elementor-element-populated\">\n\t\t\t\t\t\t\t<div class=\"elementor-widget-wrap\">\n\t\t\t\t\t\t<div class=\"elementor-element elementor-element-7916901b elementor-widget elementor-widget-text-editor\" data-id=\"7916901b\" data-element_type=\"widget\" data-widget_type=\"text-editor.default\">\n\t\t\t\t<div class=\"elementor-widget-container\">\n\t\t\t\t\t\t\t\t<div class=\"elementor-text-editor elementor-clearfix\">\n\t\t\t\t<p><!-- wp:heading --><\/p>\n<p style=\"box-sizing: inherit; margin-top: 1rem; margin-bottom: 1rem; color: #424753; font-family: Raleway, Helvetica, Tahoma, Geneva, Arial, sans-serif; font-size: 16px; font-weight: 400; letter-spacing: normal;\">In riferimento al provvedimento del Garante per la protezione dei dati personali dell&#8217;8 maggio 2014, recante &#8220;Individuazione delle modalit\u00e0 semplificate per l&#8217;informativa e l&#8217;acquisizione del consenso per l&#8217;uso dei cookie&#8221;, si informa il visitatore di quanto segue, precisando che questa informativa sull&#8217;utilizzo dei cookie \u00e8 da intendere quale estensione dell&#8217;informativa privacy<\/p>\n<h3 style=\"box-sizing: inherit; margin: 0.75rem 0px 1.5rem; text-rendering: optimizelegibility; font-size: 1.5rem; font-family: Raleway, Helvetica, Tahoma, Geneva, Arial, sans-serif; font-weight: 400; color: #424753; letter-spacing: normal;\"><strong>Informazioni generali sui cookie<\/strong><\/h3>\n<p style=\"box-sizing: inherit; margin-top: 1rem; margin-bottom: 1rem; color: #424753; font-family: Raleway, Helvetica, Tahoma, Geneva, Arial, sans-serif; font-size: 16px; font-weight: 400; letter-spacing: normal;\">Quando accedi al sito, ViviNuovo o un servizio partner potrebbe impostare o leggere cookie e\/o altri tipi di identificatori circa il browser o il device utilizzato per la navigazione.<br style=\"box-sizing: inherit;\" \/><br style=\"box-sizing: inherit;\" \/>I cookie HTTP (pi\u00f9 comunemente denominati semplicemente cookie) sono righe di testo usate per eseguire autenticazioni automatiche, tracciatura di sessioni e memorizzazione di informazioni specifiche riguardanti i visitatori che accedono al sito web (cit. wikipedia). Nel caso di ViviNuovo, per esempio, i cookie sono neccessari perch\u00e8 sia possibile il corretto funzionamento del sito per la vendita online: riempire il carrello della spesa, effettuare la login, mostrare determinate informazioni nelle pagine web sulla base delle preferenze dell&#8217;utente, ecc&#8230;<\/p>\n<h3 style=\"box-sizing: inherit; margin: 0.75rem 0px 1.5rem; text-rendering: optimizelegibility; font-size: 1.5rem; font-family: Raleway, Helvetica, Tahoma, Geneva, Arial, sans-serif; font-weight: 400; color: #424753; letter-spacing: normal;\"><strong>Cookie tecnici e cookie di profilazione<\/strong><\/h3>\n<p style=\"box-sizing: inherit; margin-top: 1rem; margin-bottom: 1rem; color: #424753; font-family: Raleway, Helvetica, Tahoma, Geneva, Arial, sans-serif; font-size: 16px; font-weight: 400; letter-spacing: normal;\">Possiamo distinguere due categorie di cookie: tecnici e di profilazione.<\/p>\n<p style=\"box-sizing: inherit; margin-top: 1rem; margin-bottom: 1rem; color: #424753; font-family: Raleway, Helvetica, Tahoma, Geneva, Arial, sans-serif; font-size: 16px; font-weight: 400; letter-spacing: normal;\"><em>Cookie tecnici (utilizzati)<\/em><\/p>\n<p style=\"box-sizing: inherit; margin-top: 1rem; margin-bottom: 1rem; color: #424753; font-family: Raleway, Helvetica, Tahoma, Geneva, Arial, sans-serif; font-size: 16px; font-weight: 400; letter-spacing: normal;\">Sono i cookie generati da ViviNuovo e consentono il corretto funzionamento del sito e dell&#8217;esperienza di acquisto. Sono cookie tecnici quelli di navigazione (sessione, login&#8230;), quelli funzionali (carrello, preferenze di visualizzazione&#8230;), e quelli statistici (analytics).<\/p>\n<p style=\"box-sizing: inherit; margin-top: 1rem; margin-bottom: 1rem; color: #424753; font-family: Raleway, Helvetica, Tahoma, Geneva, Arial, sans-serif; font-size: 16px; font-weight: 400; letter-spacing: normal;\">Sono quelli utilizzati al solo fine di &#8220;effettuare la trasmissione di una comunicazione su una rete di comunicazione elettronica, o nella misura strettamente necessaria al fornitore di un servizio della societ\u00e0 dell&#8217;informazione esplicitamente richiesto dall&#8217;abbonato o dall&#8217;utente a erogare tale servizio&#8221; ( art. 122, comma 1, del Codice in materia di protezione dei dati personali). Essi non vengono utilizzati per scopi ulteriori e sono normalmente installati direttamente dal titolare o gestore del sito web. Possono essere suddivisi in cookie di navigazione o di sessione, che garantiscono la normale navigazione e fruizione del sito web (permettendo, ad esempio, di realizzare un acquisto o autenticarsi per accedere ad aree riservate); cookie analytics, assimilati ai cookie tecnici laddove utilizzati direttamente dal gestore del sito per raccogliere informazioni, in forma aggregata, sul numero degli utenti e su come questi visitano il sito stesso; cookie di funzionalit\u00e0, che permettono all&#8217;utente la navigazione in funzione di una serie di criteri selezionati (ad esempio, la lingua, i prodotti selezionati per l&#8217;acquisto) al fine di migliorare il servizio reso allo stesso.\u00a0<\/p>\n<p style=\"box-sizing: inherit; margin-top: 1rem; margin-bottom: 1rem; color: #424753; font-family: Raleway, Helvetica, Tahoma, Geneva, Arial, sans-serif; font-size: 16px; font-weight: 400; letter-spacing: normal;\"><em>Cookie di profilazione<\/em><\/p>\n<p style=\"box-sizing: inherit; margin-top: 1rem; margin-bottom: 1rem; color: #424753; font-family: Raleway, Helvetica, Tahoma, Geneva, Arial, sans-serif; font-size: 16px; font-weight: 400; letter-spacing: normal;\">Sono volti a creare profili relativi all&#8217;utente e vengono utilizzati al fine di inviare messaggi pubblicitari in linea con le preferenze manifestate dallo stesso nell&#8217;ambito della navigazione in rete. ViviNuovo NON utilizza direttamente questo tipo di cookie.<\/p>\n<p style=\"box-sizing: inherit; margin-top: 1rem; margin-bottom: 1rem; color: #424753; font-family: Raleway, Helvetica, Tahoma, Geneva, Arial, sans-serif; font-size: 16px; font-weight: 400; letter-spacing: normal;\">La normativa europea e italiana prevede che l&#8217;utente debba essere adeguatamente informato sull&#8217;uso degli stessi ed esprimere cos\u00ec il proprio valido consenso. Ad essi si riferisce l&#8217;art. 122 del Codice laddove prevede che &#8220;l&#8217;archiviazione delle informazioni nell&#8217;apparecchio terminale di un contraente o di un utente o l&#8217;accesso a informazioni gi\u00e0 archiviate sono consentiti unicamente a condizione che il contraente o l&#8217;utente abbia espresso il proprio consenso dopo essere stato informato con le modalit\u00e0 semplificate di cui all&#8217;articolo 13, comma 3&#8221;. (art. 122, comma 1, del Codice in materia di protezione dei dati personali).<\/p>\n<h3 style=\"box-sizing: inherit; margin: 0.75rem 0px 1.5rem; text-rendering: optimizelegibility; font-size: 1.5rem; font-family: Raleway, Helvetica, Tahoma, Geneva, Arial, sans-serif; font-weight: 400; color: #424753; letter-spacing: normal;\"><strong>Pratiche relative ai cookie<\/strong><\/h3>\n<p style=\"box-sizing: inherit; margin-top: 1rem; margin-bottom: 1rem; color: #424753; font-family: Raleway, Helvetica, Tahoma, Geneva, Arial, sans-serif; font-size: 16px; font-weight: 400; letter-spacing: normal;\">ViviNuovo pu\u00f2 utilizzare cookie o altro tipo di identificatori per una serie di necessit\u00e0, tra le quali:<\/p>\n<ul style=\"box-sizing: inherit; margin-top: 1.5rem; margin-bottom: 1.5rem; margin-left: 1.5rem; padding: 0px; color: #424753; font-family: Raleway, Helvetica, Tahoma, Geneva, Arial, sans-serif; font-size: 16px; font-weight: 400; letter-spacing: normal;\">\n<li style=\"box-sizing: inherit;\">Offrire accesso ad aree riservate del sito tramite login;<\/li>\n<li style=\"box-sizing: inherit;\">Riempire il carrello della spesa;<\/li>\n<li style=\"box-sizing: inherit;\">Tenere traccia delle preferenze dell&#8217;utente riguardo il modo di mostrare i prodotti in vendita;<\/li>\n<li style=\"box-sizing: inherit;\">Elaborare analisi statistiche circa l&#8217;utilizzo del sito.<\/li>\n<\/ul>\n<p style=\"box-sizing: inherit; margin-top: 1rem; margin-bottom: 1rem; color: #424753; font-family: Raleway, Helvetica, Tahoma, Geneva, Arial, sans-serif; font-size: 16px; font-weight: 400; letter-spacing: normal;\">ViviNuovo\u00a0NON utilizza direttamente cookie di profilazione: gli unici cookie generati e gestiti direttamente da ViviNuovo sono cookie tecnici. Attraverso il sito ViviNuovo, per\u00f2, potrebbero essere generati cookie di profilazione ad opera di altre societ\u00e0, delle quali utilizziamo dei servizi (Cookie di terze parti).<\/p>\n<h3 style=\"box-sizing: inherit; margin: 0.75rem 0px 1.5rem; text-rendering: optimizelegibility; font-size: 1.5rem; font-family: Raleway, Helvetica, Tahoma, Geneva, Arial, sans-serif; font-weight: 400; color: #424753; letter-spacing: normal;\"><strong>Cookie di terze parti<\/strong><\/h3>\n<p style=\"box-sizing: inherit; margin-top: 1rem; margin-bottom: 1rem; color: #424753; font-family: Raleway, Helvetica, Tahoma, Geneva, Arial, sans-serif; font-size: 16px; font-weight: 400; letter-spacing: normal;\">ViviNuovo utilizza alcuni servizi di terze parti che potrebbero utilizzare cookie. L&#8217;utilizzo di cookie da parte di queste aziende \u00e8 regolato dalle rispettive informative di queste aziende e non dalla presente, poich\u00e8 ViviNuovo non gestisce direttamente tali strumenti e non \u00e8 preposta al trattamento dei dati derivanti dall&#8217;utilizzo di questi servizi.<\/p>\n<p style=\"box-sizing: inherit; margin-top: 1rem; margin-bottom: 1rem; color: #424753; font-family: Raleway, Helvetica, Tahoma, Geneva, Arial, sans-serif; font-size: 16px; font-weight: 400; letter-spacing: normal;\">I cookie di terze parti sono utilizzati da societ\u00e0 terze e permettono all&#8217;utente, per esempio, di visualizzare banner pubblicitari su altri siti affiliati mostrando gli ultimi prodotti visuailzzati in precedenza ViviNuovo.<\/p>\n<p style=\"box-sizing: inherit; margin-top: 1rem; margin-bottom: 1rem; color: #424753; font-family: Raleway, Helvetica, Tahoma, Geneva, Arial, sans-serif; font-size: 16px; font-weight: 400; letter-spacing: normal;\">Di seguito una lista non esaustiva di alcune aziende che potrebbero utilizzare i cookie durante la navigazione su ViviNuovo:<\/p>\n<ul style=\"box-sizing: inherit; margin-top: 1.5rem; margin-bottom: 1.5rem; margin-left: 1.5rem; padding: 0px; color: #424753; font-family: Raleway, Helvetica, Tahoma, Geneva, Arial, sans-serif; font-size: 16px; font-weight: 400; letter-spacing: normal;\">\n<li style=\"box-sizing: inherit;\">Facebook (Facebook login, Like button, Social plugin)<\/li>\n<li style=\"box-sizing: inherit;\">Twitter (Tweet button)<\/li>\n<li style=\"box-sizing: inherit;\">YouTube (Video embedding)<\/li>\n<li style=\"box-sizing: inherit;\">Pinterest (Pinterest button)<\/li>\n<li style=\"box-sizing: inherit;\">Google+ (+1 Button, Google login)<\/li>\n<li style=\"box-sizing: inherit;\">Google Analytics (Statistiche visitatori)<\/li>\n<li style=\"box-sizing: inherit;\">Google Adwords (Remarketing)<\/li>\n<li style=\"box-sizing: inherit;\">Google Maps (Maps API)<\/li>\n<li style=\"box-sizing: inherit;\">Vimeo (Video embedding)<\/li>\n<li style=\"box-sizing: inherit;\">Macrolibrarsi.it<\/li>\n<\/ul>\n<h3 style=\"box-sizing: inherit; margin: 0.75rem 0px 1.5rem; text-rendering: optimizelegibility; font-size: 1.5rem; font-family: Raleway, Helvetica, Tahoma, Geneva, Arial, sans-serif; font-weight: 400; color: #424753; letter-spacing: normal;\">Perch\u00e8 ViviNuovo utilizza cookie?<\/h3>\n<p style=\"box-sizing: inherit; margin-top: 1rem; margin-bottom: 1rem; color: #424753; font-family: Raleway, Helvetica, Tahoma, Geneva, Arial, sans-serif; font-size: 16px; font-weight: 400; letter-spacing: normal;\">I cookie utilizzati ci consentono, ad esempio, di:<\/p>\n<ul style=\"box-sizing: inherit; margin-top: 1.5rem; margin-bottom: 1.5rem; margin-left: 1.5rem; padding: 0px; color: #424753; font-family: Raleway, Helvetica, Tahoma, Geneva, Arial, sans-serif; font-size: 16px; font-weight: 400; letter-spacing: normal;\">\n<li style=\"box-sizing: inherit;\">riconoscere il visitatore quando torna a visitare il nostro sito;<\/li>\n<li style=\"box-sizing: inherit;\">permettere il completamento di un ordine di acquisto;<\/li>\n<li style=\"box-sizing: inherit;\">ricordare all&#8217;utente il contenuto del \u201ccarrello\u201d qualora desiderasse ritornare in futuro a visitare il sito;<\/li>\n<li style=\"box-sizing: inherit;\">fornire dati statistici circa le modalit\u00e0 di utilizzo del nostro sito, quali l\u2019uso del browser, il numero di visitatori e la loro provenienza;<\/li>\n<li style=\"box-sizing: inherit;\">contribuire al miglioramento del sito tramite la segnalazione degli errori riscontrati durante la navigazione;<\/li>\n<li style=\"box-sizing: inherit;\">aggiornare gli utenti sui prodotti e i servizi che potrebbero suscitare interesse attraverso inserzioni pubblicitarie personalizzate durante la visita di altri siti web;<\/li>\n<li style=\"box-sizing: inherit;\">integrare le funzionalit\u00e0 dei social network, quali Facebook.<\/li>\n<\/ul>\n<p style=\"box-sizing: inherit; margin-top: 1rem; margin-bottom: 1rem; color: #424753; font-family: Raleway, Helvetica, Tahoma, Geneva, Arial, sans-serif; font-size: 16px; font-weight: 400; letter-spacing: normal;\">In definitiva i cookie ci consentono di offrirti un servizio migliore e di rendere la tua esperienza di navigazione e\/o acquisto il pi\u00f9 accurata possibile.<\/p>\n<h3 style=\"box-sizing: inherit; margin: 0.75rem 0px 1.5rem; text-rendering: optimizelegibility; font-size: 1.5rem; font-family: Raleway, Helvetica, Tahoma, Geneva, Arial, sans-serif; font-weight: 400; color: #424753; letter-spacing: normal;\">Come attivare\/disattivare i cookie sul tuo browser<\/h3>\n<p style=\"box-sizing: inherit; margin-top: 1rem; margin-bottom: 1rem; color: #424753; font-family: Raleway, Helvetica, Tahoma, Geneva, Arial, sans-serif; font-size: 16px; font-weight: 400; letter-spacing: normal;\">E&#8217; possibile indicare al proprio browser se accettare o rifiutare determinati tipi di cookie, o anche essere avvisato tutte le volte che viene registrato un cookie nel browser. Ti avvisiamo che un blocco totale dei cookie non rende possibile la procedura di acquisto su ViviNuovo, poich\u00e8 i cookie sono necessari all&#8217;autenticazione e all&#8217;utilizzo del carrello di acquisti.<\/p>\n<p><!-- \/wp:heading --><\/p>\t\t\t\t\t<\/div>\n\t\t\t\t\t\t<\/div>\n\t\t\t\t<\/div>\n\t\t\t\t\t\t<\/div>\n\t\t\t\t\t<\/div>\n\t\t<\/div>\n\t\t\t\t\t\t\t\t<\/div>\n\t\t\t\t\t<\/div>\n\t\t<\/section>\n\t\t\t\t\t\t\t\t\t<\/div>\n\t\t\t<\/div>\n\t\t\t\t\t<\/div>\n\t\t","protected":false},"excerpt":{"rendered":"<p>In riferimento al provvedimento del Garante per la protezione dei dati personali dell&#8217;8 maggio 2014, recante &#8220;Individuazione delle modalit\u00e0 semplificate&hellip;<\/p>\n","protected":false},"author":1,"featured_media":0,"parent":0,"menu_order":0,"comment_status":"closed","ping_status":"open","template":"","meta":[],"_links":{"self":[{"href":"https:\/\/vivinuovo.com\/shop\/wp-json\/wp\/v2\/pages\/3"}],"collection":[{"href":"https:\/\/vivinuovo.com\/shop\/wp-json\/wp\/v2\/pages"}],"about":[{"href":"https:\/\/vivinuovo.com\/shop\/wp-json\/wp\/v2\/types\/page"}],"author":[{"embeddable":true,"href":"https:\/\/vivinuovo.com\/shop\/wp-json\/wp\/v2\/users\/1"}],"replies":[{"embeddable":true,"href":"https:\/\/vivinuovo.com\/shop\/wp-json\/wp\/v2\/comments?post=3"}],"version-history":[{"count":8,"href":"https:\/\/vivinuovo.com\/shop\/wp-json\/wp\/v2\/pages\/3\/revisions"}],"predecessor-version":[{"id":444,"href":"https:\/\/vivinuovo.com\/shop\/wp-json\/wp\/v2\/pages\/3\/revisions\/444"}],"wp:attachment":[{"href":"https:\/\/vivinuovo.com\/shop\/wp-json\/wp\/v2\/media?parent=3"}],"curies":[{"name":"wp","href":"https:\/\/api.w.org\/{rel}","templated":true}]}}