{"id":22,"date":"2019-04-18T11:08:43","date_gmt":"2019-04-18T11:08:43","guid":{"rendered":"https:\/\/envothemes.com\/envo-ecommerce\/product\/import-placeholder-for-59\/"},"modified":"2020-04-24T18:35:24","modified_gmt":"2020-04-24T16:35:24","slug":"riequilibrio-e-benessere-del-1-chakra","status":"publish","type":"product","link":"https:\/\/vivinuovo.com\/shop\/prodotto\/riequilibrio-e-benessere-del-1-chakra\/","title":{"rendered":"Riequilibrio e benessere del 1\u00b0 Chakra"},"content":{"rendered":"<p><img decoding=\"async\" loading=\"lazy\" class=\"alignleft wp-image-319 size-medium\" src=\"https:\/\/vivinuovo.com\/shop\/wp-content\/uploads\/2019\/04\/health_way_1chakra_8bit_lr-300x224.jpg\" alt=\"\" width=\"300\" height=\"224\" srcset=\"https:\/\/vivinuovo.com\/shop\/wp-content\/uploads\/2019\/04\/health_way_1chakra_8bit_lr-300x224.jpg 300w, https:\/\/vivinuovo.com\/shop\/wp-content\/uploads\/2019\/04\/health_way_1chakra_8bit_lr.jpg 600w\" sizes=\"(max-width: 300px) 100vw, 300px\" \/><\/p>\n<p>La parola\u00a0<em>Muladhara<\/em>\u00a0viene dal sanscrito e significa letteralmente \u201csostegno della base\u201d.<\/p>\n<p>Questo chakra si trova alla base della spina dorsale, nel perineo. \u00c8 il chakra che \u00e8 collegato alle gambe ed \u00e8 quindi\u00a0<strong>simbolo della terra<\/strong>\u00a0e a tutto ci\u00f2 che \u00e8 solido e stabile. Per questo motivo \u00e8 anche il chakra di tutte le parti pi\u00f9 dure del corpo, come le unghie, le ossa e i denti.<\/p>\n<p>Questo chakra simboleggia la stabilit\u00e0, la fiducia in se stessi ed \u00e8 collegato alla sopravvivenza. Quando \u00e8 equilibrato ci si sente sicuri, felici e capaci di vivere il momento presente, pieni di entusiasmo e pronti per progettare il proprio futuro.<\/p>\n<p>\u00c8 infatti fondamentale avere delle radici solide su cui poggiare tutta la vita.<\/p>\n<p>Quando questo chakra \u00e8 in disequilibrio potrai sentirti smarrito, apatico, sfiduciato e privo di sicurezza in te stesso. Non si riesce a percepire la soddisfazione e si va alla ricerca delle proprie radici: questo \u00e8 il classico esempio di chi non riesce a trovare dimora fissa. A livello fisico si possono presentare i seguenti sintomi: stanchezza, spossatezza, problematiche dentali, renali e alle articolazioni. D&#8217;altro canto si possono presentare situazioni di eccessivo attaccamento materiale, al passato e incapacit\u00e0 di vivere il momento presente, opponendosi al cambiamento permanendo in uno stato di paura.<\/p>\n<p><strong>Scoprirai quindi con la Frequenza di Riequilibrio e Benessere del 1\u00b0 Chakra, quanti benefici riuscirai ad ottenere, semplicemente ascoltandola!<\/strong><\/p>\n<p><strong>Come prepararsi all\u2019ascolto.<\/strong><\/p>\n<p>La frequenza esprime il suo massimo potenziale se ascoltata in cuffia; prima di ascoltare esprimi l\u2019intento (a voce o mentalmente) che queste frequenze andranno a riequilibrare lo stato energetico dei tuoi chakra, liberando le energie negative e aprendoti alle energie di alta frequenza, dopodich\u00e9 respira con calma e trova una posizione comoda. Inoltre una corretta respirazione diaframmale ti permetter\u00e0 di agevolare il lavoro delle frequenze.<\/p>\n<p>\u00c8 molto semplice: con la pratica ti accorgerai di quanto sia facile!<\/p>\n<p>Assumi una posizione comoda e quando sarai pronto chiudi gli occhi. Lascia che la tua mente venga cullata dalle frequenze e sentirai che l\u2019energia e il benessere inizieranno a pervadere ogni piano (fisico, mentale, emotivo e spirituale). Non dovrai fare altro che ascoltare e percepire come le frequenze agiscono. Non ci sono effetti collaterali: potranno emergere ricordi, emozioni, sintomi fisici, ma ricorda che sono tutti aspetti che saranno rigenerati e riattivati per il tuo massimo bene.<\/p>\n<p>Quando la sessione sar\u00e0 terminata, ti consigliamo di annotare le sensazioni che hai vissuto, cos\u00ec, volta dopo volta, sarai consapevole dei notevoli progressi che avrai compiuto.<\/p>\n<p>Durata audio: circa 34 minuti<\/p>\n<p>Nota Bene: gli audio sono in formato digitale che scaricherai direttamente sul tuo dispositivo<\/p>\n","protected":false},"excerpt":{"rendered":"<p>Questo audio ti dar\u00e0 l\u2019opportunit\u00e0 di riequilibrare e rigenerare il 1\u00b0 Chakra, in modo semplice e sicuro. Quali saranno i benefici che incontrerai ascoltando questa frequenza?<\/p>\n","protected":false},"featured_media":319,"comment_status":"open","ping_status":"closed","template":"","meta":[],"product_cat":[24,30],"product_tag":[32,31],"_links":{"self":[{"href":"https:\/\/vivinuovo.com\/shop\/wp-json\/wp\/v2\/product\/22"}],"collection":[{"href":"https:\/\/vivinuovo.com\/shop\/wp-json\/wp\/v2\/product"}],"about":[{"href":"https:\/\/vivinuovo.com\/shop\/wp-json\/wp\/v2\/types\/product"}],"replies":[{"embeddable":true,"href":"https:\/\/vivinuovo.com\/shop\/wp-json\/wp\/v2\/comments?post=22"}],"wp:featuredmedia":[{"embeddable":true,"href":"https:\/\/vivinuovo.com\/shop\/wp-json\/wp\/v2\/media\/319"}],"wp:attachment":[{"href":"https:\/\/vivinuovo.com\/shop\/wp-json\/wp\/v2\/media?parent=22"}],"wp:term":[{"taxonomy":"product_cat","embeddable":true,"href":"https:\/\/vivinuovo.com\/shop\/wp-json\/wp\/v2\/product_cat?post=22"},{"taxonomy":"product_tag","embeddable":true,"href":"https:\/\/vivinuovo.com\/shop\/wp-json\/wp\/v2\/product_tag?post=22"}],"curies":[{"name":"wp","href":"https:\/\/api.w.org\/{rel}","templated":true}]}}