{"id":24,"date":"2019-04-18T11:08:43","date_gmt":"2019-04-18T11:08:43","guid":{"rendered":"https:\/\/envothemes.com\/envo-ecommerce\/product\/import-placeholder-for-61\/"},"modified":"2020-04-24T18:49:24","modified_gmt":"2020-04-24T16:49:24","slug":"riequilibrio-fisico-completo","status":"publish","type":"product","link":"https:\/\/vivinuovo.com\/shop\/prodotto\/riequilibrio-fisico-completo\/","title":{"rendered":"Riequilibrio Fisico Completo"},"content":{"rendered":"<p><img decoding=\"async\" loading=\"lazy\" class=\"alignleft wp-image-247 size-medium\" src=\"https:\/\/vivinuovo.com\/shop\/wp-content\/uploads\/2019\/04\/health_way_riequilibrio_fisico_8bit_lr-300x224.jpg\" alt=\"\" width=\"300\" height=\"224\" srcset=\"https:\/\/vivinuovo.com\/shop\/wp-content\/uploads\/2019\/04\/health_way_riequilibrio_fisico_8bit_lr-300x224.jpg 300w, https:\/\/vivinuovo.com\/shop\/wp-content\/uploads\/2019\/04\/health_way_riequilibrio_fisico_8bit_lr.jpg 600w\" sizes=\"(max-width: 300px) 100vw, 300px\" \/><\/p>\n<p>Questo set di frequenze \u00e8 stato creato per portare benessere fisico a tutto il corpo; come uno scanner ogni frequenza scandaglier\u00e0 il tuo corpo andando a ripristinare e riequilibrare tutto ci\u00f2 che in equilibrio non \u00e8. Porter\u00e0 uno stato di benessere fisico generale e aiuter\u00e0 ad alleggerire tutti i sintomi a livello fisico. Riassumiamo qui in breve su quali punti lavora questa frequenza:<\/p>\n<ul>\n<li>Apporto di sangue alla testa, ipofisi, ossa della<br \/>\nfaccia, cervello, orecchio interno e medio, sistema nervoso simpatico<\/li>\n<li>Occhi, nervi ottici, nervi uditivi, ossa mastoidee, lingua, fronte<\/li>\n<li>Guance, orecchio esterno, ossa facciali, denti, nervo trigemino<\/li>\n<li>Naso, labbra, bocca, tubo di Eustachio<\/li>\n<li>Corde vocali, ghiandole del collo, faringe<\/li>\n<li>Muscoli del collo, spalle, tonsille<\/li>\n<li>Tiroide, borsite alla spalla, gomiti<\/li>\n<li>Braccia dai gomiti in gi\u00f9 comprese le mani, i polsi e le dita, trachea ed esofago<\/li>\n<li>Cuore, comprese le sue valvole e i tessuti di rivestimento, arterie coronarie<\/li>\n<li>Polmoni, bronchi, pleura, torace, petto<\/li>\n<li>Colecisti, condotto biliare<\/li>\n<li>Fegato, plesso solare, circolazione (generale)<\/li>\n<li>Stomaco<\/li>\n<li>Pancreas, duodeno<\/li>\n<li>Milza<\/li>\n<li>Ghiandole surrenali<\/li>\n<li>Reni, utero<\/li>\n<li>Piccolo intestino, circolazione linfatica<\/li>\n<li>Intestino crasso, anello inguinale<\/li>\n<li>Appendice, addome, cosce<\/li>\n<li>Organi sessuali, vescica, ginocchia<\/li>\n<li>Prostata, muscoli della parte bassa della schiena, nervo sciatico<\/li>\n<li>Parte bassa delle gambe, caviglie, piedi<\/li>\n<\/ul>\n<p>Un programma fisico completo!<\/p>\n<p><strong>Scoprirai quindi con la Frequenza di Riequilibrio del Fisico Completa, quanti benefici riuscirai ad ottenere, semplicemente ascoltandola!<\/strong><\/p>\n<p><strong>Come prepararsi all\u2019ascolto.<\/strong><\/p>\n<p>La frequenza esprime il suo massimo potenziale se ascoltata in cuffia; prima di ascoltare esprimi l\u2019intento (a voce o mentalmente) che queste frequenze andranno a riequilibrare lo stato energetico del tuo fisico, liberando le energie negative e aprendoti alle energie di alta frequenza, dopodich\u00e9 respira con calma e trova una posizione comoda. Inoltre una corretta respirazione diaframmale ti permetter\u00e0 di agevolare il lavoro delle frequenze.<\/p>\n<p>\u00c8 molto semplice: con la pratica ti accorgerai di quanto sia facile!<\/p>\n<p>Assumi una posizione comoda e quando sarai pronto chiudi gli occhi. Lascia che la tua mente venga cullata dalle frequenze e sentirai che l\u2019energia e il benessere inizieranno a pervadere ogni piano (fisico, mentale, emotivo e spirituale). Non dovrai fare altro che ascoltare e percepire come le frequenze agiscono. Non ci sono effetti collaterali: potranno emergere ricordi, emozioni, sintomi fisici, ma ricorda che sono tutti aspetti che saranno rigenerati e riattivati per il tuo massimo bene.<\/p>\n<p>Quando la sessione sar\u00e0 terminata, ti consigliamo di annotare le sensazioni che hai vissuto, cos\u00ec, volta dopo volta, sarai consapevole dei notevoli progressi che avrai compiuto.<\/p>\n<p>Durata audio: circa 49 minuti<\/p>\n<p>Nota Bene: gli audio sono in formato digitale che scaricherai direttamente sul tuo dispositivo<\/p>\n","protected":false},"excerpt":{"rendered":"<p>La Frequenza del Riequilibrio Fisico Completo, apporter\u00e0 a tutti i tuoi apparati e organi un benessere mai sperimentato prima!<\/p>\n","protected":false},"featured_media":247,"comment_status":"open","ping_status":"closed","template":"","meta":[],"product_cat":[24,40],"product_tag":[33],"_links":{"self":[{"href":"https:\/\/vivinuovo.com\/shop\/wp-json\/wp\/v2\/product\/24"}],"collection":[{"href":"https:\/\/vivinuovo.com\/shop\/wp-json\/wp\/v2\/product"}],"about":[{"href":"https:\/\/vivinuovo.com\/shop\/wp-json\/wp\/v2\/types\/product"}],"replies":[{"embeddable":true,"href":"https:\/\/vivinuovo.com\/shop\/wp-json\/wp\/v2\/comments?post=24"}],"wp:featuredmedia":[{"embeddable":true,"href":"https:\/\/vivinuovo.com\/shop\/wp-json\/wp\/v2\/media\/247"}],"wp:attachment":[{"href":"https:\/\/vivinuovo.com\/shop\/wp-json\/wp\/v2\/media?parent=24"}],"wp:term":[{"taxonomy":"product_cat","embeddable":true,"href":"https:\/\/vivinuovo.com\/shop\/wp-json\/wp\/v2\/product_cat?post=24"},{"taxonomy":"product_tag","embeddable":true,"href":"https:\/\/vivinuovo.com\/shop\/wp-json\/wp\/v2\/product_tag?post=24"}],"curies":[{"name":"wp","href":"https:\/\/api.w.org\/{rel}","templated":true}]}}