{"id":326,"date":"2020-04-18T00:27:22","date_gmt":"2020-04-17T22:27:22","guid":{"rendered":"https:\/\/www.vivinuovo.it\/vivinuovoshop\/?post_type=product&#038;p=326"},"modified":"2020-04-24T18:26:36","modified_gmt":"2020-04-24T16:26:36","slug":"riequilibrio-e-benessere-del-2-chakra","status":"publish","type":"product","link":"https:\/\/vivinuovo.com\/shop\/prodotto\/riequilibrio-e-benessere-del-2-chakra\/","title":{"rendered":"Riequilibrio e benessere del 2\u00b0 Chakra"},"content":{"rendered":"<p><img decoding=\"async\" loading=\"lazy\" class=\"alignleft wp-image-320 size-medium\" src=\"https:\/\/vivinuovo.com\/shop\/wp-content\/uploads\/2019\/04\/health_way_2chakra_8bit_lr-300x224.jpg\" alt=\"\" width=\"300\" height=\"224\" srcset=\"https:\/\/vivinuovo.com\/shop\/wp-content\/uploads\/2019\/04\/health_way_2chakra_8bit_lr-300x224.jpg 300w, https:\/\/vivinuovo.com\/shop\/wp-content\/uploads\/2019\/04\/health_way_2chakra_8bit_lr.jpg 600w\" sizes=\"(max-width: 300px) 100vw, 300px\" \/><\/p>\n<p>Il secondo chakra, chiamato anche <strong>chakra splenico o chakra dell\u2019acqua, <\/strong>a differenza del primo, che indica stabilit\u00e0, questo chakra \u00e8 associato allo scorrere, al fluire, alla capacit\u00e0 di cambiamento.<\/p>\n<p><strong>Questo chakra \u00e8 il fulcro che collega l\u2019anima con il corpo<\/strong>. Si trova nella parte bassa dell\u2019addome, subito sotto l\u2019ombelico, ed \u00e8 il chakra delle emozioni, della spontaneit\u00e0, della creativit\u00e0 e del piacere.<\/p>\n<p>Quando questo chakra \u00e8 in disequilibrio, sono le emozioni a risentirne di pi\u00f9. Si hanno infatti forti sbalzi di umore, rabbia, senso di colpa e vergogna e si \u00e8 pi\u00f9 soggetti ad attacchi di panico. La ricerca del sesso si trasforma in un mero stimolo fisico ma senza coinvolgere le emozioni. Questo porta inevitabilmente a storie insoddisfacenti con i propri partner.<\/p>\n<p>A livello fisico possono verificarsi sintomi nella zona bassa del ventre, come calcoli renali e disfunzioni dell\u2019apparato riproduttivo e del ciclo mestruale, oltre a ci\u00f2 che riguarda lo scorrere di fluidi, come l\u2019apparato circolatorio o la vescica. Inoltre si possono verificare squilibri emotivi e fisici come ad esempio la ricerca di piacere e di appagamento immediato ma effimero, oppure sviluppare dipendenze nocive\u00a0 affettive o relative a cibo, alcol, droghe o sesso.<\/p>\n<p><strong>Scoprirai quindi con la Frequenza di Riequilibrio e Benessere del 2\u00b0 Chakra, quanti benefici riuscirai ad ottenere, semplicemente ascoltandola!<\/strong><\/p>\n<p><strong>Come prepararsi all\u2019ascolto.<\/strong><\/p>\n<p>La frequenza esprime il suo massimo potenziale se ascoltata in cuffia; prima di ascoltare esprimi l\u2019intento (a voce o mentalmente) che queste frequenze andranno a riequilibrare lo stato energetico dei tuoi chakra, liberando le energie negative e aprendoti alle energie di alta frequenza, dopodich\u00e9 respira con calma e trova una posizione comoda. Inoltre una corretta respirazione diaframmale ti permetter\u00e0 di agevolare il lavoro delle frequenze.<\/p>\n<p>\u00c8 molto semplice: con la pratica ti accorgerai di quanto sia facile!<\/p>\n<p>Assumi una posizione comoda e quando sarai pronto chiudi gli occhi. Lascia che la tua mente venga cullata dalle frequenze e sentirai che l\u2019energia e il benessere inizieranno a pervadere ogni piano (fisico, mentale, emotivo e spirituale). Non dovrai fare altro che ascoltare e percepire come le frequenze agiscono. Non ci sono effetti collaterali: potranno emergere ricordi, emozioni, sintomi fisici, ma ricorda che sono tutti aspetti che saranno rigenerati e riattivati per il tuo massimo bene.<\/p>\n<p>Quando la sessione sar\u00e0 terminata, ti consigliamo di annotare le sensazioni che hai vissuto, cos\u00ec, volta dopo volta, sarai consapevole dei notevoli progressi che avrai compiuto.<\/p>\n<p>Durata audio: circa 34 minuti<\/p>\n<p>Nota Bene: gli audio sono in formato digitale che scaricherai direttamente sul tuo dispositivo<\/p>\n","protected":false},"excerpt":{"rendered":"<p>Questo audio ti dar\u00e0 l\u2019opportunit\u00e0 di riequilibrare e rigenerare il 2\u00b0 Chakra, in modo semplice e sicuro. Quali saranno i benefici che incontrerai ascoltando questa frequenza?<\/p>\n","protected":false},"featured_media":320,"comment_status":"open","ping_status":"closed","template":"","meta":[],"product_cat":[24,30],"product_tag":[32,31],"_links":{"self":[{"href":"https:\/\/vivinuovo.com\/shop\/wp-json\/wp\/v2\/product\/326"}],"collection":[{"href":"https:\/\/vivinuovo.com\/shop\/wp-json\/wp\/v2\/product"}],"about":[{"href":"https:\/\/vivinuovo.com\/shop\/wp-json\/wp\/v2\/types\/product"}],"replies":[{"embeddable":true,"href":"https:\/\/vivinuovo.com\/shop\/wp-json\/wp\/v2\/comments?post=326"}],"wp:featuredmedia":[{"embeddable":true,"href":"https:\/\/vivinuovo.com\/shop\/wp-json\/wp\/v2\/media\/320"}],"wp:attachment":[{"href":"https:\/\/vivinuovo.com\/shop\/wp-json\/wp\/v2\/media?parent=326"}],"wp:term":[{"taxonomy":"product_cat","embeddable":true,"href":"https:\/\/vivinuovo.com\/shop\/wp-json\/wp\/v2\/product_cat?post=326"},{"taxonomy":"product_tag","embeddable":true,"href":"https:\/\/vivinuovo.com\/shop\/wp-json\/wp\/v2\/product_tag?post=326"}],"curies":[{"name":"wp","href":"https:\/\/api.w.org\/{rel}","templated":true}]}}