{"id":328,"date":"2020-04-18T00:40:30","date_gmt":"2020-04-17T22:40:30","guid":{"rendered":"https:\/\/www.vivinuovo.it\/vivinuovoshop\/?post_type=product&#038;p=328"},"modified":"2020-04-24T17:25:04","modified_gmt":"2020-04-24T15:25:04","slug":"riequilibrio-e-benessere-del-4-chakra","status":"publish","type":"product","link":"https:\/\/vivinuovo.com\/shop\/prodotto\/riequilibrio-e-benessere-del-4-chakra\/","title":{"rendered":"Riequilibrio e benessere del 4\u00b0 Chakra"},"content":{"rendered":"<p><img decoding=\"async\" loading=\"lazy\" class=\"wp-image-322 size-medium alignleft\" src=\"https:\/\/vivinuovo.com\/shop\/wp-content\/uploads\/2019\/04\/health_way_4chakra_8bit_lr-300x224.jpg\" alt=\"\" width=\"300\" height=\"224\" srcset=\"https:\/\/vivinuovo.com\/shop\/wp-content\/uploads\/2019\/04\/health_way_4chakra_8bit_lr-300x224.jpg 300w, https:\/\/vivinuovo.com\/shop\/wp-content\/uploads\/2019\/04\/health_way_4chakra_8bit_lr.jpg 600w\" sizes=\"(max-width: 300px) 100vw, 300px\" \/><\/p>\n<p><strong>Il quarto chakra<\/strong> \u00e8 il chakra pi\u00f9 centrale, unendo quelli superiori, pi\u00f9 spirituali e a quelli inferiori, pi\u00f9 materiali.<\/p>\n<p>L\u2019<strong>Anahata<\/strong>\u00a0rappresenta inoltre l\u2019aria, che unisce la terra con il cielo. Il quarto chakra \u00e8 quindi un vero anello di congiunzione tra il sopra e il sotto, tra il terreno e lo spirituale, e questo \u00e8 dimostrato anche dai due triangoli al suo interno, uno con la punta verso l\u2019alto, a indicare il cielo, e uno con la punta verso il basso, a indicare la terra.<\/p>\n<p>Il\u00a0<strong>quarto chakra<\/strong>\u00a0\u00e8 in stretta correlazione con i polmoni e con la respirazione.<\/p>\n<p>Rigenerando e riequilibrando questo chakra attraverso la frequenza, sarai capace di <strong>amare incondizionatamente<\/strong>, mostrandoti generosi con gli altri, premuroso e di cuore. Non sarai dipendente dagli altri e riuscirai ad amare profondamente te stesso e la vita.<\/p>\n<p>A livello fisico, l\u2019aria riesce a entrare fluidamente nei polmoni, caricarsi di ossigeno, che verr\u00e0 trasportato nel resto del corpo da un funzionale sistema circolatorio.<\/p>\n<p>Se\u00a0<strong>il quarto chakra non \u00e8 equilibrato<\/strong>, i problemi che ne derivano sono legati alla sfera affettiva. Incapacit\u00e0 di amare prima di tutto noi stessi e di conseguenza anche chi ci circonda. <strong>Diventi freddo e apatico<\/strong>, sempre diffidente, circospetto e avrai la tendenza a non fidarti. Nelle relazioni potrai essere sottomesso oppure al contrario prevaricatore<\/p>\n<p><strong>Scoprirai quindi con la Frequenza di Riequilibrio e Benessere del 4\u00b0 Chakra, quanti benefici riuscirai ad ottenere, semplicemente ascoltandola!<\/strong><\/p>\n<p><strong>Come prepararsi all\u2019ascolto.<\/strong><\/p>\n<p>La frequenza esprime il suo massimo potenziale se ascoltata in cuffia; prima di ascoltare esprimi l\u2019intento (a voce o mentalmente) che queste frequenze andranno a riequilibrare lo stato energetico dei tuoi chakra, liberando le energie negative e aprendoti alle energie di alta frequenza, dopodich\u00e9 respira con calma e trova una posizione comoda. Inoltre una corretta respirazione diaframmale ti permetter\u00e0 di agevolare il lavoro delle frequenze.<\/p>\n<p>\u00c8 molto semplice: con la pratica ti accorgerai di quanto sia facile!<\/p>\n<p>Assumi una posizione comoda e quando sarai pronto chiudi gli occhi. Lascia che la tua mente venga cullata dalle frequenze e sentirai che l\u2019energia e il benessere inizieranno a pervadere ogni piano (fisico, mentale, emotivo e spirituale). Non dovrai fare altro che ascoltare e percepire come le frequenze agiscono. Non ci sono effetti collaterali: potranno emergere ricordi, emozioni, sintomi fisici, ma ricorda che sono tutti aspetti che saranno rigenerati e riattivati per il tuo massimo bene.<\/p>\n<p>Quando la sessione sar\u00e0 terminata, ti consigliamo di annotare le sensazioni che hai vissuto, cos\u00ec, volta dopo volta, sarai consapevole dei notevoli progressi che avrai compiuto.<\/p>\n<p>Durata audio: circa 34 minuti<\/p>\n<p>Nota Bene: gli audio sono in formato digitale che scaricherai direttamente sul tuo dispositivo<\/p>\n","protected":false},"excerpt":{"rendered":"<p>Questo audio ti dar\u00e0 l\u2019opportunit\u00e0 di riequilibrare e rigenerare il 4\u00b0 Chakra, in modo semplice e sicuro. Quali saranno i benefici che incontrerai?<\/p>\n","protected":false},"featured_media":322,"comment_status":"open","ping_status":"closed","template":"","meta":[],"product_cat":[24,30],"product_tag":[32,31],"_links":{"self":[{"href":"https:\/\/vivinuovo.com\/shop\/wp-json\/wp\/v2\/product\/328"}],"collection":[{"href":"https:\/\/vivinuovo.com\/shop\/wp-json\/wp\/v2\/product"}],"about":[{"href":"https:\/\/vivinuovo.com\/shop\/wp-json\/wp\/v2\/types\/product"}],"replies":[{"embeddable":true,"href":"https:\/\/vivinuovo.com\/shop\/wp-json\/wp\/v2\/comments?post=328"}],"wp:featuredmedia":[{"embeddable":true,"href":"https:\/\/vivinuovo.com\/shop\/wp-json\/wp\/v2\/media\/322"}],"wp:attachment":[{"href":"https:\/\/vivinuovo.com\/shop\/wp-json\/wp\/v2\/media?parent=328"}],"wp:term":[{"taxonomy":"product_cat","embeddable":true,"href":"https:\/\/vivinuovo.com\/shop\/wp-json\/wp\/v2\/product_cat?post=328"},{"taxonomy":"product_tag","embeddable":true,"href":"https:\/\/vivinuovo.com\/shop\/wp-json\/wp\/v2\/product_tag?post=328"}],"curies":[{"name":"wp","href":"https:\/\/api.w.org\/{rel}","templated":true}]}}