{"id":331,"date":"2020-04-18T00:45:10","date_gmt":"2020-04-17T22:45:10","guid":{"rendered":"https:\/\/www.vivinuovo.it\/vivinuovoshop\/?post_type=product&#038;p=331"},"modified":"2020-04-24T17:07:29","modified_gmt":"2020-04-24T15:07:29","slug":"riequilibrio-e-benessere-del-7-chakra","status":"publish","type":"product","link":"https:\/\/vivinuovo.com\/shop\/prodotto\/riequilibrio-e-benessere-del-7-chakra\/","title":{"rendered":"Riequilibrio e benessere del 7\u00b0 Chakra"},"content":{"rendered":"<p><img decoding=\"async\" loading=\"lazy\" class=\"wp-image-325 size-medium alignleft\" src=\"https:\/\/vivinuovo.com\/shop\/wp-content\/uploads\/2019\/04\/health_way_7chakra_8bit_lr-300x224.jpg\" alt=\"\" width=\"300\" height=\"224\" srcset=\"https:\/\/vivinuovo.com\/shop\/wp-content\/uploads\/2019\/04\/health_way_7chakra_8bit_lr-300x224.jpg 300w, https:\/\/vivinuovo.com\/shop\/wp-content\/uploads\/2019\/04\/health_way_7chakra_8bit_lr.jpg 600w\" sizes=\"(max-width: 300px) 100vw, 300px\" \/><\/p>\n<p>Il\u00a0<strong>Sahasrara<\/strong> \u00e8 il chakra della liberazione, della conoscenza e della beatitudine. <b>\u00c8 legato all&#8217;energia dell\u2019universo<\/b>, alla connessione con il Divino, all&#8217;Illuminazione. Raggiungendo questo stadio avrai compreso i misteri della vita.<\/p>\n<p>Questo chakra \u00e8 rappresentato da un\u00a0<strong>loto con mille petali<\/strong>, un numero simbolico che indica l\u2019infinito. La sua rigenerazione amplier\u00e0 la tua coscienza e la tua connessione con l&#8217;Universo.<\/p>\n<p><strong>La rigenerazione del settimo chakra<\/strong>\u00a0sapr\u00e0 donarti saggezza, benessere, tranquillit\u00e0 e felicit\u00e0. Sarai paziente, comprensivo e compassionevole.<\/p>\n<p>Cosa accade se <strong>il flusso di energia del settimo chakra \u00e8 bloccato<\/strong>? Quando il flusso \u00e8 bloccato, non riesci a coltivare la tua spiritualit\u00e0. Ti sentirai quindi apatico, sconfortato, senza gioia di vivere, depresso.<\/p>\n<p>Se il flusso invece sar\u00e0 <strong>troppo intenso<\/strong> sarai allora attaccato alle cose poco importanti, ai beni materiali e al potere, sopraffatto dall\u2019ignoranza e dall\u2019insoddisfazione e ti sentirai sempre ansioso, arrogante, impaziente.<\/p>\n<p>Anche sul piano fisico ne risentirai accusando spossatezza, confusione mentale, depressione, apatia.<\/p>\n<p>Scoprirai quindi con la Frequenza di Riequilibrio e Benessere del 7\u00b0 Chakra, quanti benefici riuscirai ad ottenere, semplicemente ascoltandola!<\/p>\n<p><strong>Come prepararsi all\u2019ascolto<\/strong>.<\/p>\n<p>La frequenza esprime il suo massimo potenziale se ascoltata in cuffia; prima di ascoltare esprimi l\u2019intento (a voce o mentalmente) che queste frequenze andranno a riequilibrare lo stato energetico dei tuoi chakra, liberando le energie negative e aprendoti alle energie di alta frequenza, dopodich\u00e9 respira con calma e trova una posizione comoda. Inoltre una corretta respirazione diaframmale ti permetter\u00e0 di agevolare il lavoro delle frequenze.<\/p>\n<p>\u00c8 molto semplice: con la pratica ti accorgerai di quanto sia facile!<\/p>\n<p>Assumi una posizione comoda e quando sarai pronto chiudi gli occhi. Lascia che la tua mente venga cullata dalle frequenze e sentirai che l\u2019energia e il benessere inizieranno a pervadere ogni piano (fisico, mentale, emotivo e spirituale). Non dovrai fare altro che ascoltare e percepire come le frequenze agiscono. Non ci sono effetti collaterali: potranno emergere ricordi, emozioni, sintomi fisici, ma ricorda che sono tutti aspetti che saranno rigenerati e riattivati per il tuo massimo bene.<\/p>\n<p>Quando la sessione sar\u00e0 terminata, ti consigliamo di annotare le sensazioni che hai vissuto, cos\u00ec, volta dopo volta, sarai consapevole dei notevoli progressi che avrai compiuto.<\/p>\n<p>Durata audio: circa 34 minuti<\/p>\n<p>Nota Bene: gli audio sono in formato digitale che scaricherai direttamente sul tuo dispositivo<\/p>\n","protected":false},"excerpt":{"rendered":"<p>Questo audio ti dar\u00e0 l&#8217;opportunit\u00e0 di riequilibrare e rigenerare il 7\u00b0 Chakra, in modo semplice e sicuro. Quali saranno i benefici che incontrerai?<\/p>\n","protected":false},"featured_media":325,"comment_status":"open","ping_status":"closed","template":"","meta":[],"product_cat":[24,30],"product_tag":[32,31],"_links":{"self":[{"href":"https:\/\/vivinuovo.com\/shop\/wp-json\/wp\/v2\/product\/331"}],"collection":[{"href":"https:\/\/vivinuovo.com\/shop\/wp-json\/wp\/v2\/product"}],"about":[{"href":"https:\/\/vivinuovo.com\/shop\/wp-json\/wp\/v2\/types\/product"}],"replies":[{"embeddable":true,"href":"https:\/\/vivinuovo.com\/shop\/wp-json\/wp\/v2\/comments?post=331"}],"wp:featuredmedia":[{"embeddable":true,"href":"https:\/\/vivinuovo.com\/shop\/wp-json\/wp\/v2\/media\/325"}],"wp:attachment":[{"href":"https:\/\/vivinuovo.com\/shop\/wp-json\/wp\/v2\/media?parent=331"}],"wp:term":[{"taxonomy":"product_cat","embeddable":true,"href":"https:\/\/vivinuovo.com\/shop\/wp-json\/wp\/v2\/product_cat?post=331"},{"taxonomy":"product_tag","embeddable":true,"href":"https:\/\/vivinuovo.com\/shop\/wp-json\/wp\/v2\/product_tag?post=331"}],"curies":[{"name":"wp","href":"https:\/\/api.w.org\/{rel}","templated":true}]}}